{"id":66,"date":"2017-02-05T23:06:20","date_gmt":"2017-02-05T23:06:20","guid":{"rendered":"http:\/\/optimo-versicherungen.de\/?page_id=66"},"modified":"2021-07-24T01:37:21","modified_gmt":"2021-07-23T23:37:21","slug":"impressum","status":"publish","type":"page","link":"http:\/\/optimo-versicherungen.de\/?page_id=66","title":{"rendered":"Impressum"},"content":{"rendered":"<p><span style=\"font-size: medium;\"><strong>OPTIMO Finanz- Beratungs- und Versicherungsvermittlungs GmbH<\/strong><br \/>Dorstener Stra\u00dfe 87, 46145 Oberhausen<\/span><\/p>\n<p><strong>Gesch\u00e4ftsf\u00fchrung:<\/strong><br \/>J\u00f6rn M. Florczak<\/p>\n<p>\u00a0<\/p>\n<p><strong>Gesch\u00e4ftsr\u00e4ume:<\/strong><br \/>Dorstener Stra\u00dfe 87, 46145 Oberhausen<\/p>\n<p>Telefon: +49 (208) 387 674 50<br \/>Telefax: +49 (208) 387 674 51<br \/>E-Mail:\u00a0 <a href=\"mailto:info@optimo-versicherungen.de\" target=\"_blank\" rel=\"noopener noreferrer\">info@optimo-versicherungen.de<\/a><\/p>\n<p>\u00a0<\/p>\n<p><strong>Registergericht: \u00a0 \u00a0 \u00a0 \u00a0 \u00a0 \u00a0 \u00a0 \u00a0 \u00a0\u00a0 Registernummer: \u00a0 \u00a0 \u00a0 \u00a0 \u00a0 \u00a0\u00a0 Steuernummer:<\/strong><br \/>Amtsgericht Duisburg\u00a0 \u00a0 \u00a0\u00a0 \u00a0\u00a0 HRB 32679 \u00a0 \u00a0 \u00a0 \u00a0 \u00a0 \u00a0 \u00a0 \u00a0 \u00a0 \u00a0 \u00a0 \u00a0 \u00a0\u00a0 336\/5727\/0911<\/p>\n<p>\u00a0<\/p>\n<p><strong>Gewerbeerlaubnis<\/strong> als Versicherungsmakler nach <strong>\u00a734d Absatz 1 GewO.<\/strong><\/p>\n<p>Erteilt durch:<\/p>\n<p>IHK zu Essen * Am Waldthausenpark 2, 45127 Essen<\/p>\n<p>Telefon: +49 (201) 1892 0 * Telefax: +49 (201) 1892 172<\/p>\n<p>E-Mail:\u00a0 <a href=\"mailto:ihkessen@essen.ihk.de\" target=\"_blank\" rel=\"noopener noreferrer\">ihkessen@essen.ihk.de<\/a> * Internet:\u00a0 <a href=\"http:\/\/www.essen.ihk24.de\" target=\"_blank\" rel=\"noopener noreferrer\">www.essen.ihk24.de<\/a><\/p>\n<p>\u00a0<\/p>\n<p>Eingetragen als Versicherungsmakler im <strong>Vermittlerregister<\/strong>.<\/p>\n<p>Registernummer: <strong>D-9ZC1-SLGYY-17<\/strong>.<\/p>\n<p><strong>Registerbeh\u00f6rde:<\/strong><\/p>\n<p>DIHK * Breite Stra\u00dfe 29, 10178 Berlin<\/p>\n<p>Telefon: 0180 600 5850\u00a0 (Festnetzpreis \u20ac0,20; Mobilfunkpreis max. \u20ac0,60 pro Anruf).<\/p>\n<p>Einsicht erhalten Sie unter\u00a0 <a href=\"http:\/\/www.vermittlerregister.info\/\">www.vermittlerregister.info<\/a><\/p>\n<p>\u00a0<\/p>\n<p><strong>Berufsrechtliche Regelungen:<\/strong><\/p>\n<p>\u00a734c und \u00a734d GewO * <a href=\"http:\/\/www.gesetze-im-internet.de\" target=\"_blank\" rel=\"noopener noreferrer\">www.gesetze-im-internet.de<\/a><\/p>\n<p>\u00a0<\/p>\n<p><strong>Kapitalverflechtung:<\/strong><\/p>\n<p>Wir sind unabh\u00e4ngiger Versicherungsmakler.<br \/>Ein Versicherungsunternehmen oder Muttergesellschaft eines Versicherungsunternehmens h\u00e4lt keine direkte oder indirekte Beteiligung an den Stimmrechten oder am Kapital unserer Firma.<br \/>Wir halten auch keine Beteiligung (weder direkt noch indirekt) an den Stimmrechten oder am Kapital eines Versicherungsunternehmens<strong>.<br \/><\/strong><\/p>\n<p>\u00a0<\/p>\n<p><strong>Beschwerdestellen (au\u00dfergerichtliche Streitbeilegung):<\/strong><\/p>\n<p>Versicherungsombudsmann e.V.<br \/>Postfach 08 06 32, 10006 Berlin * <a href=\"http:\/\/www.versicherungsombudsmann.de\" target=\"_blank\" rel=\"noopener noreferrer\">www.versicherungssombudsmann.de\u00a0<\/a><\/p>\n<p>Ombudsmann f\u00fcr private Kranken- und Pflegeversicherungen<br \/>Postfach 06 02 22, 10052 Berlin *\u00a0<a href=\"http:\/\/www.pkv-ombudsmann.de\/\" target=\"_blank\" rel=\"noopener noreferrer\">www.pkv-ombudsmann.de<\/a><\/p>\n<p>\u00a0<\/p>\n<p><strong>Verantwortlicher i.S.d. \u00a718 Abs. 2 Medienstaatsvertrag (MStV):<\/strong><\/p>\n<p><strong>J\u00f6rn Markus Florczak,<\/strong> Dorstener Str. 87, 46145 Oberhausen<\/p>\n<p>\u00a0<\/p>\n<p><strong>Rechtliche Hinweise<br \/><\/strong><\/p>\n<p>Die OPTIMO GmbH ist als Inhaltsanbieter f\u00fcr die eigenen Inhalte, die sie zur Nutzung bereith\u00e4lt, nach den allgemeinen Gesetzen verantwortlich.<br \/>Von diesen eigenen Inhalten sind Querverweise (\u201aLinks\u2018) auf die von anderen Anbietern bereitgehaltenen Inhalte zu unterscheiden. Diese fremden Inhalte stammen weder von der OPTIMO GmbH noch hat die OPTIMO GmbH die M\u00f6glichkeit, den Inhalt von Seiten Dritter zu beeinflussen.<br \/>Die Inhalte fremder Seiten, auf die die OPTIMO GmbH mittels Links hinweist, spiegeln nicht die Meinung des Unternehmens wieder, sondern dienen lediglich der Information und der Darstellung von Zusammenh\u00e4ngen.<br \/>Die OPTIMO GmbH haftet nicht f\u00fcr fremde Inhalte, auf die sie lediglich im oben genannten Sinne hinweist. Die Verantwortlichkeit liegt alleine bei dem Anbieter der Inhalte.<\/p>\n<p><strong>Copyright<br \/><\/strong><\/p>\n<p>S\u00e4mtliche in diesem Online-Auftritt ver\u00f6ffentlichten Informationen, Dokumente und Darstellungen sind Eigentum der OPTIMO GmbH. Die Verwendung von Texten und Bildmaterialien bedarf der Zustimmung der OPTIMO GmbH.<\/p>\n<p><strong>Bildnachweis<\/strong><\/p>\n<p>\u00a9 2017 Pixabay\u00a0 <a href=\"http:\/\/pixabay.com\" target=\"_blank\" rel=\"noopener noreferrer\">Website<\/a><strong><br \/><\/strong><\/p>\n<p><strong>Information zur Ber\u00fccksichtigung nachteiliger Auswirkungen auf Nachhaltigkeitsfaktoren (Art. 4 TVO)<\/strong><\/p>\n<p class=\"has-text-align-left\">Im Rahmen der Beratung werden die wichtigsten nachteiligen Auswirkungen von Investitionsent-scheidungen auf Nachhaltigkeitsfaktoren ber\u00fccksichtigt. Die Ber\u00fccksichtigung erfolgt auf Basis der von den Anbietern zur Verf\u00fcgung gestellten Informationen zu ihrer Nachhaltigkeit und ggf. der Nachhaltigkeit des jeweiligen Finanzproduktes.<br \/>(Zurzeit kann eine Ber\u00fccksichtigung auf Grund sich aufbauender, aber aktuell noch ggf. rudiment\u00e4rer Informationen durch die Anbieter lediglich bedingt erfolgen.)<\/p>\n<p><strong>Informationen zur Verg\u00fctungspolitik bei der Ber\u00fccksichtigung von Nachhaltigkeitsrisiken (Art. 5 TVO)<\/strong><\/p>\n<p>Die Verg\u00fctung f\u00fcr die Vermittlung von Finanzprodukten wird nicht von den jeweiligen Nachhaltigkeits-risiken beeinflusst.<\/p>\n<p><strong>Vorvertragliche Info zur Ber\u00fccksichtigung von Nachhaltigkeitsrisiken im Beratungsprozess (Art. 6 TVO)<\/strong><\/p>\n<p>Bei der Beratung zu Finanzprodukten werden Nachhaltigkeitsrisiken einbezogen, indem die vorvertrag-lichen Informationen des Anbieters verwendet werden. Trotz der Ber\u00fccksichtigung von Nachhaltigkeits-risiken kann nicht ausgeschlossen werden, dass sich der Eintritt von Nachhaltigkeitsrisiken negativ auf die Rendite des Finanzproduktes auswirkt.<\/p>\n<p><strong>Haftungshinweise<\/strong><\/p>\n<p><span style=\"font-size: xx-small;\">Haftungsausschlu\u00df Internetseiten der Optimo GmbH mit Verweisen &amp; Links.<br \/>Auf den Webseiten der Optimo GmbH finden Sie Informationen allgemeiner Art. Diese sind weder daf\u00fcr vorgesehen, noch dazu geeignet, eine individuelle Beratung durch fachkundige Personen unter Ber\u00fccksichtigung der konkreten Umst\u00e4nde des jeweiligen Einzelfalles zu ersetzen. Bei ihrer Zusammenstellung hat sich die Optimo GmbH um gr\u00f6\u00dftm\u00f6gliche Sorgfalt bem\u00fcht. Dennoch kann die Optimo GmbH keinerlei Gew\u00e4hr f\u00fcr die Aktualit\u00e4t, Richtigkeit, Vollst\u00e4ndigkeit und\/oder die Qualit\u00e4t der bereit gestellten Informationen \u00fcbernehmen. Haftungsanspr\u00fcche gegen die Optimo GmbH, die sich auf Sch\u00e4den materieller oder ideeller Art beziehen, die durch die Nutzung oder Nichtnutzung der dargebotenen Informationen verursacht wurden, sind grunds\u00e4tzlich ausgeschlossen, sofern kein nachweislich vors\u00e4tzliches Verschulden vorliegt. Alle Angebote sind freibleibend und unverbindlich. Die Optimo GmbH beh\u00e4lt sich ausdr\u00fccklich vor, Teile oder das gesamte Internetangebot ohne gesonderte Ank\u00fcndigung zu erg\u00e4nzen, ver\u00e4ndern und\/oder zu l\u00f6schen. Auch kann optimo-versicherungen.de zeitweise oder endg\u00fcltig eingestellt werden.<br \/>Alle Informationen und Ausk\u00fcnfte auf optimo-versicherungen.de sind auch dann unverbindlich, wenn zwischen der Optimo GmbH und dem Nutzer dieser Inhalte eine Kundenbeziehung besteht. Ebenso sind alle weiteren Ausk\u00fcnfte, die au\u00dferhalb einer Kundenbeziehung schriftlich und\/oder m\u00fcndlich gegeben werden unverbindlich.<br \/>Mit Urteil vom 12. Mai 1998 hat das Landgericht Hamburg entschieden, dass man durch die Ausbringung eines Links die Inhalte der gelinkten Seite ggf. mit zu verantworten hat. Dies kann &#8211; so das Landgericht &#8211; nur dadurch verhindert werden, dass man sich ausdr\u00fccklich von diesen Inhalten distanziert. Wir haben auf unseren Seiten Links zu anderen Seiten im Internet\u00a0gelegt. F\u00fcr all diese Links gilt: Wir m\u00f6chten ausdr\u00fccklich betonen, dass wir keinerlei Einfluss auf die Gestaltung und die Inhalte der gelinkten Seiten haben. Deshalb distanzieren wir uns hiermit ausdr\u00fccklich von allen Inhalten aller gelinkten Seiten auf unseren Seiten. Diese Erkl\u00e4rung gilt f\u00fcr alle auf unserer Homepage ausgebrachten Links und f\u00fcr alle Inhalte der Seiten, zu denen Banner f\u00fchren!<\/span><\/p>\n<p>Kommunikation \u00fcber E-Mail:<br \/>Kommunikation via E-mail kann Sicherheitsl\u00fccken aufweisen. Beispielsweise k\u00f6nnen E-Mails auf ihrem Weg an die Optimo GmbH von versierten Internet-Nutzern aufgehalten, eingesehen oder gar ver\u00e4ndert werden. Sollte die Optimo GmbH von Ihnen eine E-Mail erhalten, so geht die Optimo GmbH davon aus, dass die Berechtigung zur Antwort per E-Mail an Sie erteilt ist. Sollte dem nicht so sein, verweisen Sie bitte ausdr\u00fccklich auf andere Kommunikationswege.<br \/><span style=\"font-size: xx-small;\">Datenschutz<br \/>Sofern innerhalb des Internetangebotes die M\u00f6glichkeit zur Eingabe pers\u00f6nlicher und\/oder gesch\u00e4ftlicher Daten besteht, so erfolgt die Preisgabe dieser Daten seitens der\/des Nutzerin\/Nutzers auf freiwilliger Basis. Wenn Sie nicht mit einer personenbezogenen Datenerhebung, -speicherung &amp; Auswertung einverstanden sind, haben Sie das Recht zum Widerspruch &#8211; diesen senden Sie bitte in Schriftform an die Optimo GmbH. Alle auf den Seiten von optimo-versicherungen.de \u00a0genannten Personen widersprechen hiermit jeder\u00a0 kommerziellen Verwendung und Weitergabe ihrer Daten (vgl. \u00a728 BDSG)<\/span><\/p>\n<p><span style=\"font-size: xx-small;\">Salvatorische Klausel<br \/>Dieses Impressum ist Teil des Internetangebotes, von dem aus auf diese Seite verwiesen wurde. Sofern Teile des Impressums der geltenden Rechtslage nicht, nicht mehr oder nicht vollst\u00e4ndig entsprechen sollten, bleiben die \u00fcbrigen Teile in ihrem Inhalt und ihrer G\u00fcltigkeit hiervon unber\u00fchrt.<\/span><\/p>\n\n\n<p><\/p>\n","protected":false},"excerpt":{"rendered":"<p>OPTIMO Finanz- Beratungs- und Versicherungsvermittlungs GmbHDorstener Stra\u00dfe 87, 46145 Oberhausen Gesch\u00e4ftsf\u00fchrung:J\u00f6rn M. Florczak \u00a0 Gesch\u00e4ftsr\u00e4ume:Dorstener Stra\u00dfe 87, 46145 Oberhausen Telefon:<\/p>\n","protected":false},"author":1,"featured_media":0,"parent":0,"menu_order":0,"comment_status":"closed","ping_status":"closed","template":"","meta":{"colormag_page_container_layout":"default_layout","colormag_page_sidebar_layout":"default_layout","footnotes":""},"class_list":["post-66","page","type-page","status-publish","hentry"],"_links":{"self":[{"href":"http:\/\/optimo-versicherungen.de\/index.php?rest_route=\/wp\/v2\/pages\/66","targetHints":{"allow":["GET"]}}],"collection":[{"href":"http:\/\/optimo-versicherungen.de\/index.php?rest_route=\/wp\/v2\/pages"}],"about":[{"href":"http:\/\/optimo-versicherungen.de\/index.php?rest_route=\/wp\/v2\/types\/page"}],"author":[{"embeddable":true,"href":"http:\/\/optimo-versicherungen.de\/index.php?rest_route=\/wp\/v2\/users\/1"}],"replies":[{"embeddable":true,"href":"http:\/\/optimo-versicherungen.de\/index.php?rest_route=%2Fwp%2Fv2%2Fcomments&post=66"}],"version-history":[{"count":115,"href":"http:\/\/optimo-versicherungen.de\/index.php?rest_route=\/wp\/v2\/pages\/66\/revisions"}],"predecessor-version":[{"id":594,"href":"http:\/\/optimo-versicherungen.de\/index.php?rest_route=\/wp\/v2\/pages\/66\/revisions\/594"}],"wp:attachment":[{"href":"http:\/\/optimo-versicherungen.de\/index.php?rest_route=%2Fwp%2Fv2%2Fmedia&parent=66"}],"curies":[{"name":"wp","href":"https:\/\/api.w.org\/{rel}","templated":true}]}}