{"id":166,"date":"2017-02-06T00:23:28","date_gmt":"2017-02-06T00:23:28","guid":{"rendered":"http:\/\/optimo-versicherungen.de\/?page_id=166"},"modified":"2017-02-06T00:23:28","modified_gmt":"2017-02-06T00:23:28","slug":"krankenversicherung","status":"publish","type":"page","link":"http:\/\/optimo-versicherungen.de\/?page_id=166","title":{"rendered":"Krankenversicherung"},"content":{"rendered":"<p><span style=\"font-size: medium;\">Eine Krankenversicherung braucht jeder, denn die m\u00f6glichen Kosten f\u00fcr \u00e4rztliche Behandlung und Krankenhaus sowie eingesetzte Technik kann kaum jemand aus dem laufenden Einkommen bezahlen. Obwohl Arbeitnehmer, Arbeitslose oder Sozialhilfeempf\u00e4nger in der Regel gesetzlich pflichtversichert sind, gibt es viele Menschen in Deutschland, die nicht krankenversichert sind.<\/span><\/p>\n<p>Beamte, Selbst\u00e4ndige und Angestellte mit hohen Geh\u00e4ltern d\u00fcrfen sich privat versichern. Dabei haben die Selbst\u00e4ndigen meist keine Alternative. Sie m\u00fcssen sich privat versichern, es sei denn, sie waren zuvor als Angestellte in einer Kasse pflichtversichert. Dann k\u00f6nnen Sie dort Mitglied bleiben, vor allem zu empfehlen, wenn Kinder mitzuversorgen sind. Diese werden beitragsfrei mitversichert. In der privaten Krankenversicherung muss in der Regel jedes Familienmitglied einzeln mit einem individuellen Vertrag abgesichert sein.<\/p>\n<p>Private Zusatzversicherungen f\u00fcr gesetzlich Krankenversicherte sind nicht unbedingt notwendig. Empfehlenswert sind aber Krankenhaus-Zusatzversicherungen, Auslands-Krankenversicherung und die Pflegezusatzversicherung. Die Zusatzversicherungen erstatten die Kosten f\u00fcr Gesundheitsleistungen, die die gesetzliche Kasse nicht oder nur teilweise bezahlt.<\/p>\n<p>Krankentagegeld-Versicherung<\/p>\n<p>Wenn jemand lange krank ist und die Lohnfortzahlung vom Arbeitgeber endet, bekommt er von der Kasse Krankengeld. Dies ist geringer als das normale Nettogehalt. Diese L\u00fccke schlie\u00dft eine private Krankentagegeld-Versicherung. Vor allem zu empfehlen f\u00fcr Gutverdienende, weile bei ihnen die Differenz zwischen Krankengeld und Nettogehalt besonders gro\u00df ist.<\/p>\n<p>Krankenhaustagegeld-Versicherung<\/p>\n<p>F\u00fcr jeden Tag im Krankenhaus erh\u00e4lt der Versicherte eine vertraglich vereinbarte Summe. Weniger sinnvoll um m\u00f6gliche Telefonkosten zu decken, besser als Ausgleich f\u00fcr fehlendes Einkommen.<\/p>\n<p>Private Pflegezusatzversicherung<\/p>\n<p><a name=\"_GPLITA_05\"><\/a>Um die Kosten f\u00fcr ein <a href=\"http:\/\/www.optimo-versicherungen.de\/versicherungen_krankenversicherung.aspx#\"><u>Pflegeheim<\/u><\/a> oder f\u00fcr professionelle Hilfe zu Hause zu decken, reichen die Leistungen der gesetzlichen Pflegekassen oft nicht aus. Weniger Verm\u00f6gende werden mit der Situation konfrontiert, dass sie den eigenen Kindern finanziell zur Last fallen oder sich an das Sozialamt wenden m\u00fcssen. Die private Pflegeversicherung zahlt bei Pflegebed\u00fcrftigkeit ein Tagegeld oder \u00fcbernimmt einen Teil der verbleibenden Kosten.<\/p>\n","protected":false},"excerpt":{"rendered":"<p>Eine Krankenversicherung braucht jeder, denn die m\u00f6glichen Kosten f\u00fcr \u00e4rztliche Behandlung und Krankenhaus sowie eingesetzte Technik kann kaum jemand aus<\/p>\n","protected":false},"author":1,"featured_media":0,"parent":0,"menu_order":0,"comment_status":"closed","ping_status":"closed","template":"","meta":{"colormag_page_container_layout":"default_layout","colormag_page_sidebar_layout":"default_layout","footnotes":""},"class_list":["post-166","page","type-page","status-publish","hentry"],"_links":{"self":[{"href":"http:\/\/optimo-versicherungen.de\/index.php?rest_route=\/wp\/v2\/pages\/166","targetHints":{"allow":["GET"]}}],"collection":[{"href":"http:\/\/optimo-versicherungen.de\/index.php?rest_route=\/wp\/v2\/pages"}],"about":[{"href":"http:\/\/optimo-versicherungen.de\/index.php?rest_route=\/wp\/v2\/types\/page"}],"author":[{"embeddable":true,"href":"http:\/\/optimo-versicherungen.de\/index.php?rest_route=\/wp\/v2\/users\/1"}],"replies":[{"embeddable":true,"href":"http:\/\/optimo-versicherungen.de\/index.php?rest_route=%2Fwp%2Fv2%2Fcomments&post=166"}],"version-history":[{"count":1,"href":"http:\/\/optimo-versicherungen.de\/index.php?rest_route=\/wp\/v2\/pages\/166\/revisions"}],"predecessor-version":[{"id":167,"href":"http:\/\/optimo-versicherungen.de\/index.php?rest_route=\/wp\/v2\/pages\/166\/revisions\/167"}],"wp:attachment":[{"href":"http:\/\/optimo-versicherungen.de\/index.php?rest_route=%2Fwp%2Fv2%2Fmedia&parent=166"}],"curies":[{"name":"wp","href":"https:\/\/api.w.org\/{rel}","templated":true}]}}