{"id":164,"date":"2017-02-06T00:22:34","date_gmt":"2017-02-06T00:22:34","guid":{"rendered":"http:\/\/optimo-versicherungen.de\/?page_id=164"},"modified":"2017-02-06T00:22:34","modified_gmt":"2017-02-06T00:22:34","slug":"lebensversicherung","status":"publish","type":"page","link":"http:\/\/optimo-versicherungen.de\/?page_id=164","title":{"rendered":"Lebensversicherung"},"content":{"rendered":"<p><span style=\"font-size: medium;\">Wenn Personen von Ihnen finanziell abh\u00e4ngig sind, dann kann eine Lebensversicherung sie unterst\u00fctzen, falls Ihnen etwas zusto\u00dfen sollte und Sie sie nicht l\u00e4nger unterst\u00fctzen k\u00f6nnen. Wahrscheinlich k\u00f6nnen Sie sich das nicht vorstellen oder diese Vorstellung ist Ihnen unangenehm. Aber nur wenn Sie Vorbereitungen treffen, k\u00f6nnen Sie unbesorgt sein, dass die Zukunft Ihrer Familie finanziell abgesichert ist. Aus diesem Grund haben wir eine Lebensversicherung f\u00fcr Ihre Bed\u00fcrfnisse erarbeitet. <\/span><\/p>\n","protected":false},"excerpt":{"rendered":"<p>Wenn Personen von Ihnen finanziell abh\u00e4ngig sind, dann kann eine Lebensversicherung sie unterst\u00fctzen, falls Ihnen etwas zusto\u00dfen sollte und Sie<\/p>\n","protected":false},"author":1,"featured_media":0,"parent":0,"menu_order":0,"comment_status":"closed","ping_status":"closed","template":"","meta":{"colormag_page_container_layout":"default_layout","colormag_page_sidebar_layout":"default_layout","footnotes":""},"class_list":["post-164","page","type-page","status-publish","hentry"],"_links":{"self":[{"href":"http:\/\/optimo-versicherungen.de\/index.php?rest_route=\/wp\/v2\/pages\/164","targetHints":{"allow":["GET"]}}],"collection":[{"href":"http:\/\/optimo-versicherungen.de\/index.php?rest_route=\/wp\/v2\/pages"}],"about":[{"href":"http:\/\/optimo-versicherungen.de\/index.php?rest_route=\/wp\/v2\/types\/page"}],"author":[{"embeddable":true,"href":"http:\/\/optimo-versicherungen.de\/index.php?rest_route=\/wp\/v2\/users\/1"}],"replies":[{"embeddable":true,"href":"http:\/\/optimo-versicherungen.de\/index.php?rest_route=%2Fwp%2Fv2%2Fcomments&post=164"}],"version-history":[{"count":1,"href":"http:\/\/optimo-versicherungen.de\/index.php?rest_route=\/wp\/v2\/pages\/164\/revisions"}],"predecessor-version":[{"id":165,"href":"http:\/\/optimo-versicherungen.de\/index.php?rest_route=\/wp\/v2\/pages\/164\/revisions\/165"}],"wp:attachment":[{"href":"http:\/\/optimo-versicherungen.de\/index.php?rest_route=%2Fwp%2Fv2%2Fmedia&parent=164"}],"curies":[{"name":"wp","href":"https:\/\/api.w.org\/{rel}","templated":true}]}}